{"id":406,"date":"2025-10-02T00:47:17","date_gmt":"2025-10-01T22:47:17","guid":{"rendered":"https:\/\/www.malaxe.org\/?post_type=product&#038;p=406"},"modified":"2025-10-07T09:40:54","modified_gmt":"2025-10-07T07:40:54","slug":"dadux-1","status":"publish","type":"product","link":"https:\/\/www.malaxe.org\/index.php\/product\/dadux-1\/","title":{"rendered":"Dadux num\u00e9ro 1"},"content":{"rendered":"<blockquote><p><em><strong>&gt;&gt; La magie du quotidien<\/strong><\/em><\/p><\/blockquote>\n<p><strong>Les artistes invit\u00e9s pour ce premier Dadux sont Cart&rsquo;1 et Chut.<\/strong><\/p>\n<p><strong>Les plasticien.ne.s<\/strong><br \/>\n<strong>Anne Bernot, Jean-Baptiste Boiteux, Jean-Philippe Boiteux, Chlo\u00e9 Colin, Leila Danerol, Arnaud Delrue, Frederic H\u00e9din, Mon voisin mais pas que\/Amandine Rey et Vincent Voulhoux, Thomas Perino, Ga\u00ebl Remise, Patrick Rimond, Alo\u00efs Sandoz, Estera Tajber, P\u00e9tia Tricon, Yvette et Paulette.<\/strong><\/p>\n<p><strong>Les musicien.ne.s<\/strong><br \/>\n<strong>APA203, Marc Chalosse, Chrones, Thibault Gomez, Hirsute, Christophe Joneau, Kolm, Les Lointains, Bruce Lee Superpos\u00e9, Lionel Martin, Renaud Vincent-Toys, Zajazza<\/strong><\/p>\n<p><strong>Premier num\u00e9ro de Dadux en tirage courant, num\u00e9rot\u00e9 de 31 \u00e0 300.<\/strong><br \/>\n<strong>Leporello imprim\u00e9 en couleur recto et verso sur v\u00e9lin.<\/strong><br \/>\n<strong>La couverture est s\u00e9rigraphi\u00e9 sur papier Mohair.<\/strong><br \/>\n<strong>Son tirage est limit\u00e9 \u00e0 300 exemplaires num\u00e9rot\u00e9s.<\/strong><br \/>\n<strong>Ce livre est financ\u00e9 par ses ventes. Il a \u00e9t\u00e9 int\u00e9gralement pens\u00e9 et fabriqu\u00e9 par des artistes et artisans en France.<\/strong><\/p>\n<p><strong>Le prix inclus la livraison.<\/strong><br \/>\n<strong>Vous recevrez ce magnifique ouvrage par la poste parfaitement emball\u00e9. Les \u00e9ditions Malaxe reviendront vers vous pour vous faire part de son envoi.<br \/>\nToutes les images engendrent des animations en les approchant de votre smartphone.<br \/>\nDes explications sont livr\u00e9es avec le livre.<\/strong><\/p>\n<p><strong>page d\u00e9di\u00e9e \u00e0 Dadux : <a href=\"https:\/\/dadux.malaxe.org\/\">https:\/\/dadux.malaxe.org\/<\/a><\/strong><\/p>\n","protected":false},"excerpt":{"rendered":"<p><em><strong>&gt;&gt; La magie du quotidien<\/strong><\/em><\/p>\n<p><strong>Le premier num\u00e9ro de Dadux en tirage num\u00e9rot\u00e9 de 31 \u00e0 300 au prix de<br \/>\n55 euros, exp\u00e9dition comprise (envoi en Europe).<\/strong><\/p>\n<p><strong>ISBN : 978-2-9593396-0-8<\/strong><\/p>\n<p><strong>Format du livre ferm\u00e9 19 x 26 cm. <\/strong><\/p>\n<p><strong>Leporello de plus de 2 m investi par 13 artistes ou bin\u00f4mes, sur deux pages chacun et li\u00e9 \u00e0 une s\u00e9rie de cr\u00e9ations musicales accessibles en ligne.<\/strong><\/p>\n<p><strong>Toutes les images engendrent des animations en les approchant de votre smartphone.<\/strong><\/p>\n","protected":false},"featured_media":539,"template":"","meta":[],"product_brand":[],"product_cat":[15],"product_tag":[],"class_list":{"0":"post-406","1":"product","2":"type-product","3":"status-publish","4":"has-post-thumbnail","6":"product_cat-uncategorized","8":"first","9":"instock","10":"shipping-taxable","11":"purchasable","12":"product-type-simple"},"jetpack_sharing_enabled":true,"_links":{"self":[{"href":"https:\/\/www.malaxe.org\/index.php\/wp-json\/wp\/v2\/product\/406","targetHints":{"allow":["GET"]}}],"collection":[{"href":"https:\/\/www.malaxe.org\/index.php\/wp-json\/wp\/v2\/product"}],"about":[{"href":"https:\/\/www.malaxe.org\/index.php\/wp-json\/wp\/v2\/types\/product"}],"wp:featuredmedia":[{"embeddable":true,"href":"https:\/\/www.malaxe.org\/index.php\/wp-json\/wp\/v2\/media\/539"}],"wp:attachment":[{"href":"https:\/\/www.malaxe.org\/index.php\/wp-json\/wp\/v2\/media?parent=406"}],"wp:term":[{"taxonomy":"product_brand","embeddable":true,"href":"https:\/\/www.malaxe.org\/index.php\/wp-json\/wp\/v2\/product_brand?post=406"},{"taxonomy":"product_cat","embeddable":true,"href":"https:\/\/www.malaxe.org\/index.php\/wp-json\/wp\/v2\/product_cat?post=406"},{"taxonomy":"product_tag","embeddable":true,"href":"https:\/\/www.malaxe.org\/index.php\/wp-json\/wp\/v2\/product_tag?post=406"}],"curies":[{"name":"wp","href":"https:\/\/api.w.org\/{rel}","templated":true}]}}