{"id":411,"date":"2025-10-04T08:40:56","date_gmt":"2025-10-04T06:40:56","guid":{"rendered":"https:\/\/www.malaxe.org\/?post_type=product&#038;p=411"},"modified":"2025-10-05T09:36:12","modified_gmt":"2025-10-05T07:36:12","slug":"dadux-2","status":"publish","type":"product","link":"https:\/\/www.malaxe.org\/index.php\/product\/dadux-2\/","title":{"rendered":"Dadux num\u00e9ro 2"},"content":{"rendered":"<blockquote><p><em><strong>&gt;&gt; Le r\u00e9confort de l&rsquo;\u00e9trange<\/strong><\/em><\/p><\/blockquote>\n<p><strong>Les artistes invit\u00e9s pour ce deuxi\u00e8me Dadux sont C\u00e9line Cl\u00e9ron et Vacarme.<\/strong><\/p>\n<p><strong>Les plasticien.ne.s<\/strong><br \/>\n<strong>Anne Bernot, Jean-Baptiste Boiteux, Jean-Philippe Boiteux, Chlo\u00e9 Colin, Leila Danerol, Arnaud Delrue, Frederic H\u00e9din, Mon voisin mais pas que\/Amandine Rey et Vincent Voulhoux, Thomas Perino, Ga\u00ebl Remise, Patrick Rimond, Alo\u00efs Sandoz, Estera Tajber, P\u00e9tia Tricon, Yvette et Paulette.<\/strong><\/p>\n<p><strong>Les musicien.ne.s<\/strong><br \/>\n<strong>APA203, Marc Chalosse, Chrones, Thibault Gomez, Hirsute, Christophe Joneau, Kolm, Les Lointains, Bruce Lee Superpos\u00e9, Lionel Martin, Renaud Vincent-Toys, Zajazza<\/strong><\/p>\n<p><strong>Deuxi\u00e8me num\u00e9ro de Dadux en tirage courant, num\u00e9rot\u00e9 de 31 \u00e0 300.<\/strong><br \/>\n<strong>Leporello imprim\u00e9 en couleur recto et verso sur v\u00e9lin.<\/strong><br \/>\n<strong>La couverture est s\u00e9rigraphi\u00e9 sur papier Mohair.<\/strong><br \/>\n<strong>Son tirage est limit\u00e9 \u00e0 300 exemplaires num\u00e9rot\u00e9s.<\/strong><br \/>\n<strong>Ce livre est financ\u00e9 par ses ventes. Il a \u00e9t\u00e9 int\u00e9gralement pens\u00e9 et fabriqu\u00e9 par des artistes et artisans en France.<\/strong><\/p>\n<p><strong>Le prix inclus la livraison.<\/strong><br \/>\n<strong>Vous recevrez ce magnifique ouvrage par la poste parfaitement emball\u00e9. Les \u00e9ditions Malaxe reviendront vers vous pour vous faire part de son envoi.<br \/>\n<\/strong><strong>Toutes les images sont des anaglyphes. Le livre est livr\u00e9 avec 2 paires de lunettes 3D <em>MALAXE<\/em>.<\/strong><\/p>\n<p><strong>page d\u00e9di\u00e9e \u00e0 Dadux : <a href=\"https:\/\/dadux.malaxe.org\/\">https:\/\/dadux.malaxe.org\/<\/a><\/strong><\/p>\n","protected":false},"excerpt":{"rendered":"<blockquote><p><em><strong>&gt;&gt; Le r\u00e9confort de l&rsquo;\u00e9trange <\/strong><\/em><\/p><\/blockquote>\n<p><em><strong>Le deuxi\u00e8me num\u00e9ro de Dadux en tirage num\u00e9rot\u00e9 de 31 \u00e0 300 au prix de<br \/>\n60 euros, exp\u00e9dition comprise (envoi en Europe).<\/strong><\/em><\/p>\n<p><strong>ISBN : 978-2-9593396-1-5<\/strong><\/p>\n<p><strong>Format du livre ferm\u00e9 19 x 26 cm. <\/strong><\/p>\n<p><strong>Leporello de plus de 2 m investi par 13 artistes ou bin\u00f4mes, sur deux pages chacun et li\u00e9 \u00e0 une s\u00e9rie de cr\u00e9ations musicales accessibles en ligne.<\/strong><\/p>\n<p><strong>Toutes les images sont des anaglyphes. Le livre est livr\u00e9 avec 2 paires de lunettes 3D <em>MALAXE<\/em>.<\/strong><\/p>\n","protected":false},"featured_media":544,"template":"","meta":[],"product_brand":[],"product_cat":[15],"product_tag":[],"class_list":{"0":"post-411","1":"product","2":"type-product","3":"status-publish","4":"has-post-thumbnail","6":"product_cat-uncategorized","8":"first","9":"instock","10":"shipping-taxable","11":"purchasable","12":"product-type-simple"},"jetpack_sharing_enabled":true,"_links":{"self":[{"href":"https:\/\/www.malaxe.org\/index.php\/wp-json\/wp\/v2\/product\/411","targetHints":{"allow":["GET"]}}],"collection":[{"href":"https:\/\/www.malaxe.org\/index.php\/wp-json\/wp\/v2\/product"}],"about":[{"href":"https:\/\/www.malaxe.org\/index.php\/wp-json\/wp\/v2\/types\/product"}],"wp:featuredmedia":[{"embeddable":true,"href":"https:\/\/www.malaxe.org\/index.php\/wp-json\/wp\/v2\/media\/544"}],"wp:attachment":[{"href":"https:\/\/www.malaxe.org\/index.php\/wp-json\/wp\/v2\/media?parent=411"}],"wp:term":[{"taxonomy":"product_brand","embeddable":true,"href":"https:\/\/www.malaxe.org\/index.php\/wp-json\/wp\/v2\/product_brand?post=411"},{"taxonomy":"product_cat","embeddable":true,"href":"https:\/\/www.malaxe.org\/index.php\/wp-json\/wp\/v2\/product_cat?post=411"},{"taxonomy":"product_tag","embeddable":true,"href":"https:\/\/www.malaxe.org\/index.php\/wp-json\/wp\/v2\/product_tag?post=411"}],"curies":[{"name":"wp","href":"https:\/\/api.w.org\/{rel}","templated":true}]}}