{"id":545,"date":"2025-10-01T17:42:46","date_gmt":"2025-10-01T15:42:46","guid":{"rendered":"https:\/\/www.malaxe.org\/?post_type=product&#038;p=545"},"modified":"2026-02-05T15:41:58","modified_gmt":"2026-02-05T14:41:58","slug":"dadux-123","status":"publish","type":"product","link":"https:\/\/www.malaxe.org\/index.php\/product\/dadux-123\/","title":{"rendered":"Dadux num\u00e9ro 1 &#038; 2 &#038; 3"},"content":{"rendered":"<blockquote><p><em><strong>&gt; La magie du quotidient<\/strong><\/em><\/p>\n<p><em><strong>&gt; Le r\u00e9confort de l&rsquo;\u00e9trange<\/strong><\/em><\/p>\n<p><em><strong>&gt; ???<\/strong><\/em><\/p><\/blockquote>\n<p><strong>Les 3 livres en tirage courant, num\u00e9rot\u00e9 de 31 \u00e0 300.<\/strong><br \/>\n<strong>Ces livres sont financ\u00e9s par les ventes. Ils ont \u00e9t\u00e9 int\u00e9gralement pens\u00e9s et fabriqu\u00e9s par des artistes et artisans en France.<\/strong><\/p>\n<p><strong>Le prix inclus la livraison.<\/strong><br \/>\n<strong>Vous recevrez ces magnifiques ouvrages par la poste parfaitement emball\u00e9s. Les \u00e9ditions Malaxe reviendront vers vous pour vous faire part des envois.<\/strong><\/p>\n<p><b>Vous pouvez \u00e9galement acqu\u00e9rir ces 3 livres en tirage de t\u00eate. Chacun est accompagn\u00e9 d&rsquo;une estampe r\u00e9alis\u00e9e sp\u00e9cialement pour cette occasion.<br \/>\nN&rsquo;h\u00e9sitez pas \u00e0 revenir vers nous pour de plus amples informations.<\/b><\/p>\n<p><strong>page d\u00e9di\u00e9e \u00e0 Dadux : <a href=\"https:\/\/dadux.malaxe.org\/\">https:\/\/dadux.malaxe.org\/<\/a><\/strong><\/p>\n","protected":false},"excerpt":{"rendered":"<p><em><strong>les trois premiers num\u00e9ros de Dadux en tirage num\u00e9rot\u00e9 de 31 \u00e0 300 au prix de<br \/>\n165 euros les trois num\u00e9ros, exp\u00e9dition comprise (envoi en Europe).<\/strong><\/em><\/p>\n<p><strong>ISBN : 978-2-9593396-1-5<\/strong><\/p>\n<p><strong>Format du livre ferm\u00e9 19 x 26 cm. <\/strong><\/p>\n<p><strong>Leporello de plus de 2 m investi par 13 artistes ou bin\u00f4mes, sur deux pages chacun et li\u00e9 \u00e0 une s\u00e9rie de cr\u00e9ations musicales accessibles en ligne.<\/strong><\/p>\n<p><strong>Toutes les images sont des anaglyphes. Le livre est livr\u00e9 avec 2 paires de lunettes 3D <em>MALAXE<\/em>.<\/strong><\/p>\n","protected":false},"featured_media":548,"template":"","meta":[],"product_brand":[],"product_cat":[15],"product_tag":[],"class_list":{"0":"post-545","1":"product","2":"type-product","3":"status-publish","4":"has-post-thumbnail","6":"product_cat-uncategorized","8":"first","9":"instock","10":"shipping-taxable","11":"purchasable","12":"product-type-simple"},"jetpack_sharing_enabled":true,"_links":{"self":[{"href":"https:\/\/www.malaxe.org\/index.php\/wp-json\/wp\/v2\/product\/545","targetHints":{"allow":["GET"]}}],"collection":[{"href":"https:\/\/www.malaxe.org\/index.php\/wp-json\/wp\/v2\/product"}],"about":[{"href":"https:\/\/www.malaxe.org\/index.php\/wp-json\/wp\/v2\/types\/product"}],"wp:featuredmedia":[{"embeddable":true,"href":"https:\/\/www.malaxe.org\/index.php\/wp-json\/wp\/v2\/media\/548"}],"wp:attachment":[{"href":"https:\/\/www.malaxe.org\/index.php\/wp-json\/wp\/v2\/media?parent=545"}],"wp:term":[{"taxonomy":"product_brand","embeddable":true,"href":"https:\/\/www.malaxe.org\/index.php\/wp-json\/wp\/v2\/product_brand?post=545"},{"taxonomy":"product_cat","embeddable":true,"href":"https:\/\/www.malaxe.org\/index.php\/wp-json\/wp\/v2\/product_cat?post=545"},{"taxonomy":"product_tag","embeddable":true,"href":"https:\/\/www.malaxe.org\/index.php\/wp-json\/wp\/v2\/product_tag?post=545"}],"curies":[{"name":"wp","href":"https:\/\/api.w.org\/{rel}","templated":true}]}}